{"id":1341,"date":"2023-07-10T21:15:54","date_gmt":"2023-07-10T21:15:54","guid":{"rendered":"https:\/\/zledbag.no?page_id=1341"},"modified":"2024-07-17T14:10:56","modified_gmt":"2024-07-17T14:10:56","slug":"personvern","status":"publish","type":"page","link":"https:\/\/zledbag.no\/en\/personvern\/","title":{"rendered":"Privacy"},"content":{"rendered":"<div data-elementor-type=\"wp-post\" data-elementor-id=\"1341\" class=\"elementor elementor-1341\">\n\t\t\t\t\t\t<section class=\"elementor-section elementor-top-section elementor-element elementor-element-2eccec9 elementor-section-full_width elementor-section-height-min-height elementor-section-content-middle elementor-section-height-default elementor-section-items-middle wpr-particle-no wpr-jarallax-no wpr-parallax-no wpr-sticky-section-no\" data-id=\"2eccec9\" data-element_type=\"section\" data-e-type=\"section\" data-settings=\"{&quot;background_background&quot;:&quot;classic&quot;,&quot;shape_divider_bottom&quot;:&quot;opacity-tilt&quot;}\">\n\t\t\t\t\t\t\t<div class=\"elementor-background-overlay\"><\/div>\n\t\t\t\t\t\t<div class=\"elementor-shape elementor-shape-bottom\" aria-hidden=\"true\" data-negative=\"false\">\n\t\t\t<svg xmlns=\"http:\/\/www.w3.org\/2000\/svg\" viewbox=\"0 0 2600 131.1\" preserveaspectratio=\"none\">\n\t<path class=\"elementor-shape-fill\" d=\"M0 0L2600 0 2600 69.1 0 0z\"\/>\n\t<path class=\"elementor-shape-fill\" style=\"opacity:0.5\" d=\"M0 0L2600 0 2600 69.1 0 69.1z\"\/>\n\t<path class=\"elementor-shape-fill\" style=\"opacity:0.25\" d=\"M2600 0L0 0 0 130.1 2600 69.1z\"\/>\n<\/svg>\t\t<\/div>\n\t\t\t\t\t<div class=\"elementor-container elementor-column-gap-default\">\n\t\t\t\t\t<div class=\"elementor-column elementor-col-100 elementor-top-column elementor-element elementor-element-405015e\" data-id=\"405015e\" data-element_type=\"column\" data-e-type=\"column\">\n\t\t\t<div class=\"elementor-widget-wrap elementor-element-populated\">\n\t\t\t\t\t\t<section class=\"elementor-section elementor-inner-section elementor-element elementor-element-8c21c3c elementor-section-boxed elementor-section-height-default elementor-section-height-default wpr-particle-no wpr-jarallax-no wpr-parallax-no wpr-sticky-section-no\" data-id=\"8c21c3c\" data-element_type=\"section\" data-e-type=\"section\">\n\t\t\t\t\t\t<div class=\"elementor-container elementor-column-gap-default\">\n\t\t\t\t\t<div class=\"elementor-column elementor-col-100 elementor-inner-column elementor-element elementor-element-b23014f\" data-id=\"b23014f\" data-element_type=\"column\" data-e-type=\"column\">\n\t\t\t<div class=\"elementor-widget-wrap elementor-element-populated\">\n\t\t\t\t\t\t<div class=\"elementor-element elementor-element-5b99a4c elementor-invisible elementor-widget elementor-widget-heading\" data-id=\"5b99a4c\" data-element_type=\"widget\" data-e-type=\"widget\" data-settings=\"{&quot;_animation&quot;:&quot;fadeInDown&quot;,&quot;_animation_mobile&quot;:&quot;fadeInDown&quot;}\" data-widget_type=\"heading.default\">\n\t\t\t\t<div class=\"elementor-widget-container\">\n\t\t\t\t\t<h2 class=\"elementor-heading-title elementor-size-default\">Personvern &amp; Sikkerhet<\/h2>\t\t\t\t<\/div>\n\t\t\t\t<\/div>\n\t\t\t\t\t<\/div>\n\t\t<\/div>\n\t\t\t\t\t<\/div>\n\t\t<\/section>\n\t\t\t\t\t<\/div>\n\t\t<\/div>\n\t\t\t\t\t<\/div>\n\t\t<\/section>\n\t\t\t\t<section class=\"elementor-section elementor-top-section elementor-element elementor-element-2c05bfe animated-slow elementor-section-boxed elementor-section-height-default elementor-section-height-default wpr-particle-no wpr-jarallax-no wpr-parallax-no wpr-sticky-section-no elementor-invisible\" data-id=\"2c05bfe\" data-element_type=\"section\" data-e-type=\"section\" data-settings=\"{&quot;animation&quot;:&quot;fadeIn&quot;,&quot;animation_mobile&quot;:&quot;fadeIn&quot;}\">\n\t\t\t\t\t\t<div class=\"elementor-container elementor-column-gap-default\">\n\t\t\t\t\t<div class=\"elementor-column elementor-col-100 elementor-top-column elementor-element elementor-element-f673fde\" data-id=\"f673fde\" data-element_type=\"column\" data-e-type=\"column\">\n\t\t\t<div class=\"elementor-widget-wrap elementor-element-populated\">\n\t\t\t\t\t\t<div class=\"elementor-element elementor-element-2e306ba elementor-widget elementor-widget-text-editor\" data-id=\"2e306ba\" data-element_type=\"widget\" data-e-type=\"widget\" data-widget_type=\"text-editor.default\">\n\t\t\t\t<div class=\"elementor-widget-container\">\n\t\t\t\t\t\t\t\t\t<div class=\"elementor-element elementor-element-d6a414d elementor-widget elementor-widget-heading\" data-id=\"d6a414d\" data-element_type=\"widget\" data-widget_type=\"heading.default\"><div class=\"elementor-widget-container\"><h3 class=\"elementor-heading-title elementor-size-default\"><span style=\"color: #ff9900;\">Collection of data<\/span><\/h3><\/div><\/div><div class=\"elementor-element elementor-element-1f8984c elementor-widget elementor-widget-text-editor\" data-id=\"1f8984c\" data-element_type=\"widget\" data-widget_type=\"text-editor.default\"><div class=\"elementor-widget-container\"><p>You can at any time gain access to information we have stored about you or make use of the right you have to block, change or delete this. If you have any questions regarding registered personal data or other aspects of privacy, please contact us.<\/p><\/div><\/div><div class=\"elementor-element elementor-element-65543b5 elementor-widget elementor-widget-heading\" data-id=\"65543b5\" data-element_type=\"widget\" data-widget_type=\"heading.default\"><div class=\"elementor-widget-container\"><h3 class=\"elementor-heading-title elementor-size-default\"><span style=\"color: #ff9900;\">Processing and use of personal information<\/span><\/h3><\/div><\/div><div class=\"elementor-element elementor-element-7980bd1 elementor-widget elementor-widget-text-editor\" data-id=\"7980bd1\" data-element_type=\"widget\" data-widget_type=\"text-editor.default\"><div class=\"elementor-widget-container\"><p>We may collect personal data if it is considered to be of legitimate interest, and if this interest is not exceeded by your privacy interests.\u00a0<\/p><\/div><\/div><div class=\"elementor-element elementor-element-a5be0b2 elementor-widget elementor-widget-heading\" data-id=\"a5be0b2\" data-element_type=\"widget\" data-widget_type=\"heading.default\"><div class=\"elementor-widget-container\"><h3 class=\"elementor-heading-title elementor-size-default\"><span style=\"color: #ff9900;\">Customer account<\/span><\/h3><\/div><\/div><div class=\"elementor-element elementor-element-7fe4c3f elementor-widget elementor-widget-text-editor\" data-id=\"7fe4c3f\" data-element_type=\"widget\" data-widget_type=\"text-editor.default\"><div class=\"elementor-widget-container\"><p>If you shop with us, you have the option to create a customer account. It can give you password access to your stored personal data. Here you can find information about your orders, and you can edit your personal data, or indicate your wish to receive newsletters when available.<\/p><\/div><\/div><div class=\"elementor-element elementor-element-6e83c68 elementor-widget elementor-widget-heading\" data-id=\"6e83c68\" data-element_type=\"widget\" data-widget_type=\"heading.default\"><div class=\"elementor-widget-container\"><h3 class=\"elementor-heading-title elementor-size-default\"><span style=\"color: #ff9900;\">Purpose<\/span><\/h3><\/div><\/div><div class=\"elementor-element elementor-element-97f21b0 elementor-widget elementor-widget-text-editor\" data-id=\"97f21b0\" data-element_type=\"widget\" data-widget_type=\"text-editor.default\"><div class=\"elementor-widget-container\"><p>We may use your information to send you information about the products you have purchased from us, and other relevant information such as order confirmation, order history, invoice, updates and the like.<\/p><p>Collected information may also be used to follow up on inquiries and customer support or to send you information about our products and services and the products of associated partners. If you have agreed to this. We store purchase and order history in accordance with the Accounting Act.<\/p><\/div><\/div><div class=\"elementor-element elementor-element-db5cde6 elementor-widget elementor-widget-heading\" data-id=\"db5cde6\" data-element_type=\"widget\" data-widget_type=\"heading.default\"><div class=\"elementor-widget-container\"><h3 class=\"elementor-heading-title elementor-size-default\"><span style=\"color: #ff9900;\">Cookies<\/span><\/h3><\/div><\/div><div class=\"elementor-element elementor-element-d1a3ae0 elementor-widget elementor-widget-text-editor\" data-id=\"d1a3ae0\" data-element_type=\"widget\" data-widget_type=\"text-editor.default\"><div class=\"elementor-widget-container\"><p>Cookies are small text files that are placed on your computer. We use cookies to be able to improve the quality of our website and our online shopping services, as well as to generate statistics in relation to the use of our websites.\u00a0<\/p><\/div><\/div><div class=\"elementor-element elementor-element-27bffd8 elementor-widget elementor-widget-heading\" data-id=\"27bffd8\" data-element_type=\"widget\" data-widget_type=\"heading.default\"><div class=\"elementor-widget-container\"><h3 class=\"elementor-heading-title elementor-size-default\"><span style=\"color: #ff9900;\">Your rights<\/span><\/h3><\/div><\/div><div class=\"elementor-element elementor-element-31404ea elementor-widget elementor-widget-text-editor\" data-id=\"31404ea\" data-element_type=\"widget\" data-widget_type=\"text-editor.default\"><div class=\"elementor-widget-container\"><p class=\"translation-block\">You have the right to receive information about what personal data is collected and what it will be used for.<br>You have the right that personal data is not used unless you have actively consented to the use of the personal data.<br>You have the right to request a copy of the personal data that we have stored about you.<br>You can ask us to correct the personal data.<br>Right to request that the personal data be deleted when it is no longer necessary to store it.<br>Right to withdraw consent for us to process your personal data.<br>Right to ask us to forward your data to another data controller.<\/p><\/div><\/div>\t\t\t\t\t\t\t\t<\/div>\n\t\t\t\t<\/div>\n\t\t\t\t\t<\/div>\n\t\t<\/div>\n\t\t\t\t\t<\/div>\n\t\t<\/section>\n\t\t\t\t<section class=\"elementor-section elementor-top-section elementor-element elementor-element-f46a39e elementor-section-boxed elementor-section-height-default elementor-section-height-default wpr-particle-no wpr-jarallax-no wpr-parallax-no wpr-sticky-section-no\" data-id=\"f46a39e\" data-element_type=\"section\" data-e-type=\"section\">\n\t\t\t\t\t\t<div class=\"elementor-container elementor-column-gap-default\">\n\t\t\t\t\t<div class=\"elementor-column elementor-col-100 elementor-top-column elementor-element elementor-element-e352bd9\" data-id=\"e352bd9\" data-element_type=\"column\" data-e-type=\"column\">\n\t\t\t<div class=\"elementor-widget-wrap elementor-element-populated\">\n\t\t\t\t\t\t<div class=\"elementor-element elementor-element-95159f0 elementor-align-center animated-slow e-transform elementor-invisible elementor-widget elementor-widget-button\" data-id=\"95159f0\" data-element_type=\"widget\" data-e-type=\"widget\" data-settings=\"{&quot;_animation&quot;:&quot;fadeInDown&quot;,&quot;_transform_translateY_effect_hover&quot;:{&quot;unit&quot;:&quot;px&quot;,&quot;size&quot;:-2,&quot;sizes&quot;:[]},&quot;_transform_translateX_effect_hover&quot;:{&quot;unit&quot;:&quot;px&quot;,&quot;size&quot;:&quot;&quot;,&quot;sizes&quot;:[]},&quot;_transform_translateX_effect_hover_tablet&quot;:{&quot;unit&quot;:&quot;px&quot;,&quot;size&quot;:&quot;&quot;,&quot;sizes&quot;:[]},&quot;_transform_translateX_effect_hover_mobile&quot;:{&quot;unit&quot;:&quot;px&quot;,&quot;size&quot;:&quot;&quot;,&quot;sizes&quot;:[]},&quot;_transform_translateY_effect_hover_tablet&quot;:{&quot;unit&quot;:&quot;px&quot;,&quot;size&quot;:&quot;&quot;,&quot;sizes&quot;:[]},&quot;_transform_translateY_effect_hover_mobile&quot;:{&quot;unit&quot;:&quot;px&quot;,&quot;size&quot;:&quot;&quot;,&quot;sizes&quot;:[]}}\" data-widget_type=\"button.default\">\n\t\t\t\t<div class=\"elementor-widget-container\">\n\t\t\t\t\t\t\t\t\t<div class=\"elementor-button-wrapper\">\n\t\t\t\t\t<a class=\"elementor-button elementor-button-link elementor-size-xs\" href=\"https:\/\/zledbag.no.nett.pro\/produktkategori\/produkter\/\">\n\t\t\t\t\t\t<span class=\"elementor-button-content-wrapper\">\n\t\t\t\t\t\t\t\t\t<span class=\"elementor-button-text\">Back to products<\/span>\n\t\t\t\t\t<\/span>\n\t\t\t\t\t<\/a>\n\t\t\t\t<\/div>\n\t\t\t\t\t\t\t\t<\/div>\n\t\t\t\t<\/div>\n\t\t\t\t\t<\/div>\n\t\t<\/div>\n\t\t\t\t\t<\/div>\n\t\t<\/section>\n\t\t\t\t<\/div>","protected":false},"excerpt":{"rendered":"<p>Personvern &#038; Sikkerhet Innsamling av data Du kan n\u00e5r som helst f\u00e5 innsyn i opplysninger vi har lagret om deg eller gj\u00f8re bruk av retten du har til \u00e5 sperre, endre eller slette disse. Har du har sp\u00f8rsm\u00e5l ang\u00e5ende registrerte persondata eller annet innen personvern, vennligst kontakt oss. Bearbeiding og bruk av personlige opplysninger Vi kan samle inn personopplysninger hvis de anses \u00e5 v\u00e6re av berettiget interesse, og hvis denne interessen ikke overstiges av dine personverninteresser.\u00a0 Kundekonto Handler du hos oss har du mulighet til \u00e5 opprette kundekonto. Det kan gi deg tilgang med passord til dine\u00a0 lagrede personopplysninger. Her kan du finne opplysninger om dine bestillinger, og du kan redigere personopplysningene dine,\u00a0 eller angi \u00f8nske om \u00e5&hellip;<\/p>","protected":false},"author":1,"featured_media":0,"parent":0,"menu_order":0,"comment_status":"closed","ping_status":"closed","template":"template-parts\/template-page-builders.php","meta":{"footnotes":""},"class_list":["post-1341","page","type-page","status-publish","hentry"],"_links":{"self":[{"href":"https:\/\/zledbag.no\/en\/wp-json\/wp\/v2\/pages\/1341","targetHints":{"allow":["GET"]}}],"collection":[{"href":"https:\/\/zledbag.no\/en\/wp-json\/wp\/v2\/pages"}],"about":[{"href":"https:\/\/zledbag.no\/en\/wp-json\/wp\/v2\/types\/page"}],"author":[{"embeddable":true,"href":"https:\/\/zledbag.no\/en\/wp-json\/wp\/v2\/users\/1"}],"replies":[{"embeddable":true,"href":"https:\/\/zledbag.no\/en\/wp-json\/wp\/v2\/comments?post=1341"}],"version-history":[{"count":89,"href":"https:\/\/zledbag.no\/en\/wp-json\/wp\/v2\/pages\/1341\/revisions"}],"predecessor-version":[{"id":3585,"href":"https:\/\/zledbag.no\/en\/wp-json\/wp\/v2\/pages\/1341\/revisions\/3585"}],"wp:attachment":[{"href":"https:\/\/zledbag.no\/en\/wp-json\/wp\/v2\/media?parent=1341"}],"curies":[{"name":"wp","href":"https:\/\/api.w.org\/{rel}","templated":true}]}}